{"id":1038,"date":"2023-11-01T19:49:47","date_gmt":"2023-11-01T17:49:47","guid":{"rendered":"https:\/\/china-lee.fr\/?page_id=1038"},"modified":"2023-12-25T20:16:26","modified_gmt":"2023-12-25T18:16:26","slug":"mention-legales","status":"publish","type":"page","link":"https:\/\/china-lee.fr\/en\/mention-legales","title":{"rendered":"Inprint"},"content":{"rendered":"<div data-elementor-type=\"wp-page\" data-elementor-id=\"1038\" class=\"elementor elementor-1038\" data-elementor-post-type=\"page\">\n\t\t\t\t\t\t<section class=\"elementor-section elementor-top-section elementor-element elementor-element-3a13a8d elementor-section-boxed elementor-section-height-default elementor-section-height-default\" data-id=\"3a13a8d\" data-element_type=\"section\" data-e-type=\"section\">\n\t\t\t\t\t\t<div class=\"elementor-container elementor-column-gap-default\">\n\t\t\t\t\t<div class=\"elementor-column elementor-col-100 elementor-top-column elementor-element elementor-element-2e050d7\" data-id=\"2e050d7\" data-element_type=\"column\" data-e-type=\"column\">\n\t\t\t<div class=\"elementor-widget-wrap elementor-element-populated\">\n\t\t\t\t\t\t<div class=\"elementor-element elementor-element-56f49bd elementor-widget elementor-widget-text-editor\" data-id=\"56f49bd\" data-element_type=\"widget\" data-e-type=\"widget\" data-widget_type=\"text-editor.default\">\n\t\t\t\t<div class=\"elementor-widget-container\">\n\t\t\t\t\t\t\t\t\t<h1>Inprint<\/h1><h2>Legal information<\/h2><p>The website, accessible at the URL china-lee.fr (hereinafter referred to as the Site), is published by China Lee (hereinafter referred to as the Publisher), operating in the form of a simplified single-member joint stock company with a share capital of 1,000.00 \u20ac euros, whose registered office is located at 6 Rue Rivay, 92300 Levallois-Perret, registered with the RCS of PARIS under the number 980867469, Intracommunity VAT number: FR40980867469.<\/p><p>\u00a0- Email address: contact@china-lee.fr.<\/p><p>The publication director is Mr. Mike Berrebi. The website is hosted by the company IONOS SARL, whose registered office is located at 7 Place de la Gare, BP 70109, 57200 Sarreguemines Cedex, 431 303 775 RCS Sarreguemines, phone: 0970 808 911, email: info@IONOS.fr.<\/p><h2>Responsibility<\/h2><p>China Lee makes every effort to provide users with reliable information and verified tools. However, China Lee cannot be held responsible for any unavailability of information and\/or the presence of viruses or other logical infections on the Site. The Site user acknowledges having read these legal notices and undertakes to comply with them. The user acknowledges using the information and tools available on the Site under their sole responsibility.<\/p><h2>Protection of Personal Data<\/h2><p>In accordance with current regulations, China Lee implements a processing of personal data. The Publisher informs the user of the implementation of a processing of personal data concerning them, intended for authorized members of China Lee, as well as the Publisher and its subcontractors. The user has the right to object, the right to restriction, the right of access, the right of rectification, the right to data portability, and the right to erasure of their data. The user also has the option to give the Publisher instructions regarding the fate of their data after their death. The Publisher may retain personal data for the entire duration of the relationship between China Lee and the user, and up to three years after the end of this relationship. To exercise their rights, the user must send a letter to China Lee accompanied by a copy of an identity document with their signature to the email address contact@china-lee.fr or to the following postal address: 6 rue rivay, 92300 Levallois-Perret. The Publisher will respond promptly to the user's request, provided that it is sufficiently specific and contains all the necessary elements to respond.<\/p><h2>Intellectual Property<\/h2><p>The Publisher holds the intellectual property rights of the Site as a whole, as well as each of its individual components taken independently (including, but not limited to: its graphic design, structure, navigation interfaces, databases, newsletters, specific programs and developments, content including data, texts, articles, still or animated images, files, etc.). Any total or partial representation of the site or any of its components without the express authorization of China Lee is prohibited and would constitute an infringement sanctioned by articles L.335-2 and following of the Intellectual Property Code. The databases on the site are protected by articles L.341-1 and following of the Intellectual Property Code, and any qualitatively or quantitatively substantial extraction or reuse of the content of the databases is sanctioned. The trademarks and logos appearing on the site are registered trademarks of China Lee or third parties. Any reproduction, imitation, or use, in whole or in part, of these distinctive signs without express authorization and in violation of the prohibitions provided for in articles L.713-2 and following of the Intellectual Property Code engages the responsibility of their author. Other distinctive signs, including trade names, commercial names, signs, domain names reproduced on the site are the property of China Lee or third parties, and any reproduction without express authorization may constitute an infringement engaging the liability of its author under article 1240 of the Civil Code.<\/p><h2>Links<\/h2><p>Users of the site may not establish deep links to this site without the prior written authorization of China Lee.<\/p><h2>Applicable law<\/h2><p>This website is governed by French law.<\/p>\t\t\t\t\t\t\t\t<\/div>\n\t\t\t\t<\/div>\n\t\t\t\t\t<\/div>\n\t\t<\/div>\n\t\t\t\t\t<\/div>\n\t\t<\/section>\n\t\t\t\t<\/div>","protected":false},"excerpt":{"rendered":"<p>Mentions l\u00e9gales Informations l\u00e9gales Le site, accessible \u00e0 l\u2019adresse URL china-lee.fr (ci-apr\u00e8s le Site) est \u00e9dit\u00e9 par China Lee (ci-apr\u00e8s l\u2019Editeur), exer\u00e7ant sous la forme d\u2019une soci\u00e9t\u00e9 par actions simplifi\u00e9e \u00e0 associ\u00e9 unique au capital social de 1 000,00 \u20ac euros, dont le si\u00e8ge social est situ\u00e9 6 Rue Rivay, 92300 Levallois-Perret, immatricul\u00e9e, au RCS [&hellip;]<\/p>\n","protected":false},"author":1,"featured_media":0,"parent":0,"menu_order":0,"comment_status":"closed","ping_status":"closed","template":"","meta":{"footnotes":""},"class_list":["post-1038","page","type-page","status-publish","hentry"],"_links":{"self":[{"href":"https:\/\/china-lee.fr\/en\/wp-json\/wp\/v2\/pages\/1038","targetHints":{"allow":["GET"]}}],"collection":[{"href":"https:\/\/china-lee.fr\/en\/wp-json\/wp\/v2\/pages"}],"about":[{"href":"https:\/\/china-lee.fr\/en\/wp-json\/wp\/v2\/types\/page"}],"author":[{"embeddable":true,"href":"https:\/\/china-lee.fr\/en\/wp-json\/wp\/v2\/users\/1"}],"replies":[{"embeddable":true,"href":"https:\/\/china-lee.fr\/en\/wp-json\/wp\/v2\/comments?post=1038"}],"version-history":[{"count":11,"href":"https:\/\/china-lee.fr\/en\/wp-json\/wp\/v2\/pages\/1038\/revisions"}],"predecessor-version":[{"id":1115,"href":"https:\/\/china-lee.fr\/en\/wp-json\/wp\/v2\/pages\/1038\/revisions\/1115"}],"wp:attachment":[{"href":"https:\/\/china-lee.fr\/en\/wp-json\/wp\/v2\/media?parent=1038"}],"curies":[{"name":"wp","href":"https:\/\/api.w.org\/{rel}","templated":true}]}}